{"id":17,"date":"2022-10-31T18:50:17","date_gmt":"2022-10-31T18:50:17","guid":{"rendered":"https:\/\/xn--kttepuudemk-thbja.ee\/?page_id=17"},"modified":"2022-12-01T11:51:56","modified_gmt":"2022-12-01T11:51:56","slug":"kuttevaartused","status":"publish","type":"page","link":"https:\/\/xn--kttepuudemk-thbja.ee\/?page_id=17","title":{"rendered":"K\u00fcttev\u00e4\u00e4rtused"},"content":{"rendered":"\t\t<div data-elementor-type=\"wp-page\" data-elementor-id=\"17\" class=\"elementor elementor-17\">\n\t\t\t\t\t\t<section class=\"elementor-section elementor-top-section elementor-element elementor-element-ad3ffec elementor-section-boxed elementor-section-height-default elementor-section-height-default\" data-id=\"ad3ffec\" data-element_type=\"section\" data-e-type=\"section\">\n\t\t\t\t\t\t<div class=\"elementor-container elementor-column-gap-default\">\n\t\t\t\t\t<div class=\"elementor-column elementor-col-100 elementor-top-column elementor-element elementor-element-58b6db3\" data-id=\"58b6db3\" data-element_type=\"column\" data-e-type=\"column\">\n\t\t\t<div class=\"elementor-widget-wrap elementor-element-populated\">\n\t\t\t\t\t\t<div class=\"elementor-element elementor-element-c3ab0c6 elementor-widget elementor-widget-spacer\" data-id=\"c3ab0c6\" data-element_type=\"widget\" data-e-type=\"widget\" data-widget_type=\"spacer.default\">\n\t\t\t\t<div class=\"elementor-widget-container\">\n\t\t\t\t\t\t\t<div class=\"elementor-spacer\">\n\t\t\t<div class=\"elementor-spacer-inner\"><\/div>\n\t\t<\/div>\n\t\t\t\t\t\t<\/div>\n\t\t\t\t<\/div>\n\t\t\t\t\t<\/div>\n\t\t<\/div>\n\t\t\t\t\t<\/div>\n\t\t<\/section>\n\t\t\t\t<section class=\"elementor-section elementor-top-section elementor-element elementor-element-0b8a627 elementor-section-boxed elementor-section-height-default elementor-section-height-default\" data-id=\"0b8a627\" data-element_type=\"section\" data-e-type=\"section\">\n\t\t\t\t\t\t<div class=\"elementor-container elementor-column-gap-default\">\n\t\t\t\t\t<div class=\"elementor-column elementor-col-50 elementor-top-column elementor-element elementor-element-2cb03fa\" data-id=\"2cb03fa\" data-element_type=\"column\" data-e-type=\"column\">\n\t\t\t<div class=\"elementor-widget-wrap elementor-element-populated\">\n\t\t\t\t\t\t<section class=\"elementor-section elementor-inner-section elementor-element elementor-element-08c70c5 elementor-section-boxed elementor-section-height-default elementor-section-height-default\" data-id=\"08c70c5\" data-element_type=\"section\" data-e-type=\"section\">\n\t\t\t\t\t\t<div class=\"elementor-container elementor-column-gap-default\">\n\t\t\t\t\t<div class=\"elementor-column elementor-col-100 elementor-inner-column elementor-element elementor-element-6c70da9\" data-id=\"6c70da9\" data-element_type=\"column\" data-e-type=\"column\">\n\t\t\t<div class=\"elementor-widget-wrap elementor-element-populated\">\n\t\t\t\t\t\t<div class=\"elementor-element elementor-element-ce36a55 elementor-widget elementor-widget-heading\" data-id=\"ce36a55\" data-element_type=\"widget\" data-e-type=\"widget\" data-widget_type=\"heading.default\">\n\t\t\t\t<div class=\"elementor-widget-container\">\n\t\t\t\t\t<h1 class=\"elementor-heading-title elementor-size-default\">K\u00fcttepuude k\u00fcttev\u00e4\u00e4rtused<\/h1>\t\t\t\t<\/div>\n\t\t\t\t<\/div>\n\t\t\t\t<div class=\"elementor-element elementor-element-6ea8359 elementor-widget elementor-widget-text-editor\" data-id=\"6ea8359\" data-element_type=\"widget\" data-e-type=\"widget\" data-widget_type=\"text-editor.default\">\n\t\t\t\t<div class=\"elementor-widget-container\">\n\t\t\t\t\t\t\t\t\t<p>K\u00fcttepuude varumisel tasub esiteks m\u00f5elda pikaajaliselt ning tellida omale piisavalt puid kogu k\u00fctteperioodiks. Lisaks sellele, tasub k\u00fcttepuude valikul l\u00e4htuda sellest, milline on teie k\u00fcttekolle (pliit, ahi, kamin, jne) ning kui suur on k\u00f6etava ruumi suurus. Sellest l\u00e4htuvalt saate valida omale sobivad k\u00fcttepuud, mis on just teile sobivaimad.<br \/><br \/>Erinevatel puuliikidel on suuresti erinevad k\u00fcttev\u00e4\u00e4rtused, ehk k\u00f5ik k\u00fcttepuud pole v\u00f5rdsed. Suurima k\u00fcttev\u00e4\u00e4rtusega k\u00fcttepuud on\u00a0 Saar ja Kask, madalaima k\u00fctev\u00e4\u00e4rtusega on aga lepast toodetud k\u00fcttepuud.<\/p><p>\u00a0<\/p><p>\u00a0<\/p>\t\t\t\t\t\t\t\t<\/div>\n\t\t\t\t<\/div>\n\t\t\t\t<div class=\"elementor-element elementor-element-7ea64c5 elementor-widget elementor-widget-heading\" data-id=\"7ea64c5\" data-element_type=\"widget\" data-e-type=\"widget\" data-widget_type=\"heading.default\">\n\t\t\t\t<div class=\"elementor-widget-container\">\n\t\t\t\t\t<h2 class=\"elementor-heading-title elementor-size-default\">K\u00fcttepuude k\u00fcttev\u00e4\u00e4rtused puuliigi kaupa<\/h2>\t\t\t\t<\/div>\n\t\t\t\t<\/div>\n\t\t\t\t<div class=\"elementor-element elementor-element-3b7bbd5 elementor-widget elementor-widget-text-editor\" data-id=\"3b7bbd5\" data-element_type=\"widget\" data-e-type=\"widget\" data-widget_type=\"text-editor.default\">\n\t\t\t\t<div class=\"elementor-widget-container\">\n\t\t\t\t\t\t\t\t\t<p>Allj\u00e4rgnevalt toome v\u00e4lja enimlevinud k\u00fcttepuude liigid ning nende k\u00fcttev\u00e4\u00e4rtused. Need on keskmised v\u00e4\u00e4rtused ning meeles tasub pidada, et k\u00fcttepuude k\u00fcttev\u00e4\u00e4rtusi v\u00f5ib muuta n\u00e4iteks see, kas puud on kuivad v\u00f5i niisked. \u00dcldiselt on need arvud siiski \u00fcsna t\u00e4psed.<\/p><ul style=\"font-size: 15px; font-style: normal;\"><li style=\"font-size: 15px;\"><span style=\"font-weight: bold;\">Kasest\u00a0<\/span>k\u00fcttepuude<b>\u00a0<\/b><span style=\"font-weight: 400;\">k\u00fcttev\u00e4\u00e4rtus on\u00a0ca\u00a0<span style=\"font-weight: bold;\">1700 kWh\/rm.<\/span><span style=\"font-style: inherit; font-weight: inherit; font-family: var( --e-global-typography-text-font-family ), Sans-serif; background-color: var(--ast-global-color-5);\"><br \/><\/span><\/span><\/li><li style=\"font-size: 15px;\"><span style=\"font-style: inherit; font-family: var( --e-global-typography-text-font-family ), Sans-serif; background-color: var(--ast-global-color-5);\"><span style=\"font-weight: bold;\">Kuuse <\/span>k\u00fcttepuude<b>\u00a0<\/b><\/span><span style=\"font-weight: inherit; font-style: inherit; font-family: var( --e-global-typography-text-font-family ), Sans-serif; background-color: var(--ast-global-color-5);\">k\u00fcttev\u00e4\u00e4rtus on ca\u00a0<\/span><span style=\"font-weight: 400; font-style: inherit; font-family: var( --e-global-typography-text-font-family ), Sans-serif; background-color: var(--ast-global-color-5);\"><span style=\"font-weight: bold;\">1320 kWh\/rm<\/span><\/span><span style=\"font-weight: inherit; font-style: inherit; font-family: var( --e-global-typography-text-font-family ), Sans-serif; background-color: var(--ast-global-color-5);\"><br \/><\/span><\/li><li style=\"font-size: 15px;\"><span style=\"font-style: inherit; font-family: var( --e-global-typography-text-font-family ), Sans-serif; background-color: var(--ast-global-color-5);\"><span style=\"font-weight: bold;\">M\u00e4nnist <\/span>k\u00fcttepuude k\u00fcttev\u00e4\u00e4rtus on ca<\/span><span style=\"font-weight: inherit; font-style: inherit; font-family: var( --e-global-typography-text-font-family ), Sans-serif; background-color: var(--ast-global-color-5);\">\u00a0<\/span><span style=\"font-weight: 400; font-style: inherit; font-family: var( --e-global-typography-text-font-family ), Sans-serif; background-color: var(--ast-global-color-5);\"><span style=\"font-weight: bold;\">1360 kWh\/rm<\/span><\/span><\/li><li style=\"font-weight: 400; font-size: 15px;\"><span style=\"background-color: var(--ast-global-color-5); font-family: var( --e-global-typography-text-font-family ), Sans-serif; font-style: inherit;\"><span style=\"font-weight: bold;\">Haavast\u00a0<\/span><\/span><span style=\"background-color: var(--ast-global-color-5); font-family: var( --e-global-typography-text-font-family ), Sans-serif; font-style: inherit; font-weight: inherit;\">k\u00fcttepuude k\u00fcttev\u00e4\u00e4rtus on ca\u00a0<\/span><span style=\"background-color: var(--ast-global-color-5); font-family: var( --e-global-typography-text-font-family ), Sans-serif; font-style: inherit;\"><span style=\"font-weight: bold;\">1330 kWh\/rm<\/span><\/span><\/li><li style=\"font-weight: 400; font-size: 15px;\"><span style=\"background-color: var(--ast-global-color-5); font-family: var( --e-global-typography-text-font-family ), Sans-serif; font-style: inherit;\"><span style=\"font-weight: bold;\">Lepast\u00a0<\/span><\/span><span style=\"background-color: var(--ast-global-color-5); font-family: var( --e-global-typography-text-font-family ), Sans-serif; font-style: inherit; font-weight: inherit;\">(valge lepp) k\u00fcttepuude k\u00fcttev\u00e4\u00e4rtus on\u00a0ca\u00a0<\/span><span style=\"background-color: var(--ast-global-color-5); font-family: var( --e-global-typography-text-font-family ), Sans-serif; font-style: inherit;\"><span style=\"font-weight: bold;\">1230 kWh\/rm<\/span><\/span><\/li><li style=\"font-size: 15px;\"><span style=\"background-color: var(--ast-global-color-5); font-family: var( --e-global-typography-text-font-family ), Sans-serif; font-style: inherit;\"><span style=\"font-weight: bold;\">Saarest <\/span>k\u00fcttepuude\u00a0<\/span><span style=\"font-weight: inherit; background-color: var(--ast-global-color-5); font-family: var( --e-global-typography-text-font-family ), Sans-serif; font-style: inherit;\">k\u00fcttev\u00e4\u00e4rtus on\u00a0ca\u00a0<\/span><span style=\"font-weight: 400; background-color: var(--ast-global-color-5); font-family: var( --e-global-typography-text-font-family ), Sans-serif; font-style: inherit;\"><span style=\"font-weight: bold;\">1950 kWh\/rm<\/span><\/span><\/li><\/ul><p>\u00a0<\/p><p>\u00a0<\/p>\t\t\t\t\t\t\t\t<\/div>\n\t\t\t\t<\/div>\n\t\t\t\t<div class=\"elementor-element elementor-element-d28617d elementor-widget elementor-widget-heading\" data-id=\"d28617d\" data-element_type=\"widget\" data-e-type=\"widget\" data-widget_type=\"heading.default\">\n\t\t\t\t<div class=\"elementor-widget-container\">\n\t\t\t\t\t<h2 class=\"elementor-heading-title elementor-size-default\">Puitbriketi k\u00fcttev\u00e4\u00e4rtus<\/h2>\t\t\t\t<\/div>\n\t\t\t\t<\/div>\n\t\t\t\t<div class=\"elementor-element elementor-element-c83a141 elementor-widget elementor-widget-text-editor\" data-id=\"c83a141\" data-element_type=\"widget\" data-e-type=\"widget\" data-widget_type=\"text-editor.default\">\n\t\t\t\t<div class=\"elementor-widget-container\">\n\t\t\t\t\t\t\t\t\t<p>Puitbriketi puhul tuleb kindlasti meeles pidada, et sellel on tunduvalt k\u00f5rgem k\u00fcttev\u00e4\u00e4rtus, kui enamus teistel k\u00fcttematerjalidel (nagu k\u00fcttepuud v\u00f5i turbabrikett). Ehk puitbriketis on rohkem energiat peidus, kui pealevaadates tunduda v\u00f5ib, kuna materjal on tugevaalt kokkusurutud. Puitbriketiga k\u00fctmisel on rusikareegel, et seda tuleks kasutada 3-4 korda v\u00e4hem, kui tavaliselt k\u00fcttepuid. Kui teil on puitbriketiga k\u00fctmise kohta k\u00fcsimusi v\u00f5i te pole kindel, kui palju briketti te peaks k\u00fctmisel kasutada, k\u00fcsige t\u00e4psustavalt kindlasti puitbriketi m\u00fc\u00fcjalt. Kui te soovite puitbriketist pikemalt lugeda, vaadake kindlasti ka meie kokkuv\u00f5tet: <a href=\"https:\/\/xn--kttepuudemk-thbja.ee\/puitbrikett\">puitbrikett<\/a>.<\/p>\n<p>Puitbriketi k\u00fcttev\u00e4\u00e4rtus on 18-20 MJ\/kg ning \u00fcks kuupmeeter puitbriketti kaalub ca \u00fcks tonn.<\/p>\n<p>T\u00e4psete k\u00fcttev\u00e4\u00e4rtuste teadasaamiseks vaadake kindlasti k\u00fcttepuude- v\u00f5i puitbriketi m\u00fc\u00fcva ettev\u00f5tte kodulehelt, kui teil on k\u00f5hklusi v\u00f5i k\u00fcsimusi, saate m\u00fc\u00fcja k\u00e4est kindlasti ka oma vastused.&nbsp;<\/p>\t\t\t\t\t\t\t\t<\/div>\n\t\t\t\t<\/div>\n\t\t\t\t\t<\/div>\n\t\t<\/div>\n\t\t\t\t\t<\/div>\n\t\t<\/section>\n\t\t\t\t\t<\/div>\n\t\t<\/div>\n\t\t\t\t<div class=\"elementor-column elementor-col-50 elementor-top-column elementor-element elementor-element-740d59e\" data-id=\"740d59e\" data-element_type=\"column\" data-e-type=\"column\">\n\t\t\t<div class=\"elementor-widget-wrap elementor-element-populated\">\n\t\t\t\t\t\t<section class=\"elementor-section elementor-inner-section elementor-element elementor-element-48401ce elementor-hidden-tablet elementor-hidden-mobile elementor-section-boxed elementor-section-height-default elementor-section-height-default\" data-id=\"48401ce\" data-element_type=\"section\" data-e-type=\"section\">\n\t\t\t\t\t\t<div class=\"elementor-container elementor-column-gap-default\">\n\t\t\t\t\t<div class=\"elementor-column elementor-col-100 elementor-inner-column elementor-element elementor-element-00c94e7\" data-id=\"00c94e7\" data-element_type=\"column\" data-e-type=\"column\">\n\t\t\t<div class=\"elementor-widget-wrap elementor-element-populated\">\n\t\t\t\t\t\t<div class=\"elementor-element elementor-element-88a16f8 elementor-widget elementor-widget-text-editor\" data-id=\"88a16f8\" data-element_type=\"widget\" data-e-type=\"widget\" data-widget_type=\"text-editor.default\">\n\t\t\t\t<div class=\"elementor-widget-container\">\n\t\t\t\t\t\t\t\t\t<h4>K\u00dcTTEPUUD<\/h4>\t\t\t\t\t\t\t\t<\/div>\n\t\t\t\t<\/div>\n\t\t\t\t<div class=\"elementor-element elementor-element-64f17fd elementor-widget elementor-widget-text-editor\" data-id=\"64f17fd\" data-element_type=\"widget\" data-e-type=\"widget\" data-widget_type=\"text-editor.default\">\n\t\t\t\t<div class=\"elementor-widget-container\">\n\t\t\t\t\t\t\t\t\tTallinnas ja Harjumaal \t\t\t\t\t\t\t\t<\/div>\n\t\t\t\t<\/div>\n\t\t\t\t<div class=\"elementor-element elementor-element-9dd150e elementor-align-center elementor-icon-list--layout-traditional elementor-list-item-link-full_width elementor-widget elementor-widget-icon-list\" data-id=\"9dd150e\" data-element_type=\"widget\" data-e-type=\"widget\" data-widget_type=\"icon-list.default\">\n\t\t\t\t<div class=\"elementor-widget-container\">\n\t\t\t\t\t\t\t<ul class=\"elementor-icon-list-items\">\n\t\t\t\t\t\t\t<li class=\"elementor-icon-list-item\">\n\t\t\t\t\t\t\t\t\t\t\t<span class=\"elementor-icon-list-icon\">\n\t\t\t\t\t\t\t<i aria-hidden=\"true\" class=\"fas fa-check-circle\"><\/i>\t\t\t\t\t\t<\/span>\n\t\t\t\t\t\t\t\t\t\t<span class=\"elementor-icon-list-text\">Konteineris k\u00fcttepuud<\/span>\n\t\t\t\t\t\t\t\t\t<\/li>\n\t\t\t\t\t\t\t\t<li class=\"elementor-icon-list-item\">\n\t\t\t\t\t\t\t\t\t\t\t<span class=\"elementor-icon-list-icon\">\n\t\t\t\t\t\t\t<i aria-hidden=\"true\" class=\"fas fa-check-circle\"><\/i>\t\t\t\t\t\t<\/span>\n\t\t\t\t\t\t\t\t\t\t<span class=\"elementor-icon-list-text\">V\u00f5rkkotis k\u00fcttepuud<\/span>\n\t\t\t\t\t\t\t\t\t<\/li>\n\t\t\t\t\t\t\t\t<li class=\"elementor-icon-list-item\">\n\t\t\t\t\t\t\t\t\t\t\t<span class=\"elementor-icon-list-icon\">\n\t\t\t\t\t\t\t<i aria-hidden=\"true\" class=\"fas fa-check-circle\"><\/i>\t\t\t\t\t\t<\/span>\n\t\t\t\t\t\t\t\t\t\t<span class=\"elementor-icon-list-text\">Lahtised k\u00fcttepuud<\/span>\n\t\t\t\t\t\t\t\t\t<\/li>\n\t\t\t\t\t\t<\/ul>\n\t\t\t\t\t\t<\/div>\n\t\t\t\t<\/div>\n\t\t\t\t<div class=\"elementor-element elementor-element-c290367 elementor-widget elementor-widget-image\" data-id=\"c290367\" data-element_type=\"widget\" data-e-type=\"widget\" data-widget_type=\"image.default\">\n\t\t\t\t<div class=\"elementor-widget-container\">\n\t\t\t\t\t\t\t\t\t\t\t\t\t\t\t<img decoding=\"async\" width=\"107\" height=\"110\" src=\"https:\/\/xn--kttepuudemk-thbja.ee\/wp-content\/uploads\/2022\/10\/Screenshot_153.png\" class=\"attachment-large size-large wp-image-148\" alt=\"\" \/>\t\t\t\t\t\t\t\t\t\t\t\t\t\t\t<\/div>\n\t\t\t\t<\/div>\n\t\t\t\t<div class=\"elementor-element elementor-element-8ef25da elementor-align-center elementor-widget elementor-widget-button\" data-id=\"8ef25da\" data-element_type=\"widget\" data-e-type=\"widget\" data-widget_type=\"button.default\">\n\t\t\t\t<div class=\"elementor-widget-container\">\n\t\t\t\t\t\t\t\t\t<div class=\"elementor-button-wrapper\">\n\t\t\t\t\t<a class=\"elementor-button elementor-button-link elementor-size-sm\" href=\"https:\/\/puu24.ee\/\" target=\"_blank\" rel=\"noopener\">\n\t\t\t\t\t\t<span class=\"elementor-button-content-wrapper\">\n\t\t\t\t\t\t\t\t\t<span class=\"elementor-button-text\">K\u00fcttepuude m\u00fc\u00fck<\/span>\n\t\t\t\t\t<\/span>\n\t\t\t\t\t<\/a>\n\t\t\t\t<\/div>\n\t\t\t\t\t\t\t\t<\/div>\n\t\t\t\t<\/div>\n\t\t\t\t\t<\/div>\n\t\t<\/div>\n\t\t\t\t\t<\/div>\n\t\t<\/section>\n\t\t\t\t\t<\/div>\n\t\t<\/div>\n\t\t\t\t\t<\/div>\n\t\t<\/section>\n\t\t\t\t<section class=\"elementor-section elementor-top-section elementor-element elementor-element-c013fca elementor-section-boxed elementor-section-height-default elementor-section-height-default\" data-id=\"c013fca\" data-element_type=\"section\" data-e-type=\"section\">\n\t\t\t\t\t\t<div class=\"elementor-container elementor-column-gap-default\">\n\t\t\t\t\t<div class=\"elementor-column elementor-col-100 elementor-top-column elementor-element elementor-element-16b26f2\" data-id=\"16b26f2\" data-element_type=\"column\" data-e-type=\"column\">\n\t\t\t<div class=\"elementor-widget-wrap elementor-element-populated\">\n\t\t\t\t\t\t<div class=\"elementor-element elementor-element-f1e48e4 elementor-widget elementor-widget-spacer\" data-id=\"f1e48e4\" data-element_type=\"widget\" data-e-type=\"widget\" data-widget_type=\"spacer.default\">\n\t\t\t\t<div class=\"elementor-widget-container\">\n\t\t\t\t\t\t\t<div class=\"elementor-spacer\">\n\t\t\t<div class=\"elementor-spacer-inner\"><\/div>\n\t\t<\/div>\n\t\t\t\t\t\t<\/div>\n\t\t\t\t<\/div>\n\t\t\t\t\t<\/div>\n\t\t<\/div>\n\t\t\t\t\t<\/div>\n\t\t<\/section>\n\t\t\t\t<\/div>\n\t\t","protected":false},"excerpt":{"rendered":"<p>K\u00fcttepuude k\u00fcttev\u00e4\u00e4rtused K\u00fcttepuude varumisel tasub esiteks m\u00f5elda pikaajaliselt ning tellida omale piisavalt puid kogu k\u00fctteperioodiks. Lisaks sellele, tasub k\u00fcttepuude valikul l\u00e4htuda sellest, milline on teie k\u00fcttekolle (pliit, ahi, kamin, jne) ning kui suur on k\u00f6etava ruumi suurus. Sellest l\u00e4htuvalt saate valida omale sobivad k\u00fcttepuud, mis on just teile sobivaimad. Erinevatel puuliikidel on suuresti erinevad k\u00fcttev\u00e4\u00e4rtused, [&hellip;]<\/p>\n","protected":false},"author":1,"featured_media":0,"parent":0,"menu_order":0,"comment_status":"closed","ping_status":"closed","template":"elementor_header_footer","meta":{"site-sidebar-layout":"no-sidebar","site-content-layout":"page-builder","ast-site-content-layout":"default","site-content-style":"default","site-sidebar-style":"default","ast-global-header-display":"","ast-banner-title-visibility":"","ast-main-header-display":"","ast-hfb-above-header-display":"","ast-hfb-below-header-display":"","ast-hfb-mobile-header-display":"","site-post-title":"disabled","ast-breadcrumbs-content":"","ast-featured-img":"disabled","footer-sml-layout":"","ast-disable-related-posts":"","theme-transparent-header-meta":"","adv-header-id-meta":"","stick-header-meta":"","header-above-stick-meta":"","header-main-stick-meta":"","header-below-stick-meta":"","astra-migrate-meta-layouts":"default","ast-page-background-enabled":"default","ast-page-background-meta":{"desktop":{"background-color":"var(--ast-global-color-4)","background-image":"","background-repeat":"repeat","background-position":"center center","background-size":"auto","background-attachment":"scroll","background-type":"","background-media":"","overlay-type":"","overlay-color":"","overlay-opacity":"","overlay-gradient":""},"tablet":{"background-color":"","background-image":"","background-repeat":"repeat","background-position":"center center","background-size":"auto","background-attachment":"scroll","background-type":"","background-media":"","overlay-type":"","overlay-color":"","overlay-opacity":"","overlay-gradient":""},"mobile":{"background-color":"","background-image":"","background-repeat":"repeat","background-position":"center center","background-size":"auto","background-attachment":"scroll","background-type":"","background-media":"","overlay-type":"","overlay-color":"","overlay-opacity":"","overlay-gradient":""}},"ast-content-background-meta":{"desktop":{"background-color":"var(--ast-global-color-5)","background-image":"","background-repeat":"repeat","background-position":"center center","background-size":"auto","background-attachment":"scroll","background-type":"","background-media":"","overlay-type":"","overlay-color":"","overlay-opacity":"","overlay-gradient":""},"tablet":{"background-color":"var(--ast-global-color-5)","background-image":"","background-repeat":"repeat","background-position":"center center","background-size":"auto","background-attachment":"scroll","background-type":"","background-media":"","overlay-type":"","overlay-color":"","overlay-opacity":"","overlay-gradient":""},"mobile":{"background-color":"var(--ast-global-color-5)","background-image":"","background-repeat":"repeat","background-position":"center center","background-size":"auto","background-attachment":"scroll","background-type":"","background-media":"","overlay-type":"","overlay-color":"","overlay-opacity":"","overlay-gradient":""}},"footnotes":""},"class_list":["post-17","page","type-page","status-publish","hentry"],"_links":{"self":[{"href":"https:\/\/xn--kttepuudemk-thbja.ee\/index.php?rest_route=\/wp\/v2\/pages\/17","targetHints":{"allow":["GET"]}}],"collection":[{"href":"https:\/\/xn--kttepuudemk-thbja.ee\/index.php?rest_route=\/wp\/v2\/pages"}],"about":[{"href":"https:\/\/xn--kttepuudemk-thbja.ee\/index.php?rest_route=\/wp\/v2\/types\/page"}],"author":[{"embeddable":true,"href":"https:\/\/xn--kttepuudemk-thbja.ee\/index.php?rest_route=\/wp\/v2\/users\/1"}],"replies":[{"embeddable":true,"href":"https:\/\/xn--kttepuudemk-thbja.ee\/index.php?rest_route=%2Fwp%2Fv2%2Fcomments&post=17"}],"version-history":[{"count":27,"href":"https:\/\/xn--kttepuudemk-thbja.ee\/index.php?rest_route=\/wp\/v2\/pages\/17\/revisions"}],"predecessor-version":[{"id":466,"href":"https:\/\/xn--kttepuudemk-thbja.ee\/index.php?rest_route=\/wp\/v2\/pages\/17\/revisions\/466"}],"wp:attachment":[{"href":"https:\/\/xn--kttepuudemk-thbja.ee\/index.php?rest_route=%2Fwp%2Fv2%2Fmedia&parent=17"}],"curies":[{"name":"wp","href":"https:\/\/api.w.org\/{rel}","templated":true}]}}